{"id":1613,"date":"2025-11-07T09:29:59","date_gmt":"2025-11-07T09:29:59","guid":{"rendered":"https:\/\/vshaugsdorf.ac.at\/?page_id=1613"},"modified":"2025-11-07T09:29:59","modified_gmt":"2025-11-07T09:29:59","slug":"barrierefreiheit","status":"publish","type":"page","link":"https:\/\/vshaugsdorf.ac.at\/?page_id=1613","title":{"rendered":"Barrierefreiheit"},"content":{"rendered":"<p>Die Volksschule Haugsdorf ist bem\u00fcht, ihre Website im Einklang mit dem <a title=\"\u00d6ffnet in einem neuen Fenster\" href=\"https:\/\/www.ris.bka.gv.at\/GeltendeFassung.wxe?Abfrage=Bundesnormen&amp;Gesetzesnummer=20010727\" target=\"_blank\" rel=\"noopener\">Web-Zug\u00e4nglichkeits-Gesetz (WZG) idgF<\/a>\u00a0zur Umsetzung der\u00a0<a title=\"\u00d6ffnet in einem neuen Fenster\" href=\"https:\/\/eur-lex.europa.eu\/legal-content\/DE\/TXT\/?uri=CELEX:32016L2102\" target=\"_blank\" rel=\"noopener\">Richtlinie (EU) 2016\/2102 des Europ\u00e4ischen Parlaments und des Rates vom 26. Oktober 2016 \u00fcber den barrierefreien Zugang zu den Websites und mobilen Anwendungen \u00f6ffentlicher Stellen<\/a>\u00a0(Amtsblatt L 327 vom 2.12.2016, S. 1) barrierefrei zug\u00e4nglich zu machen.<\/p>\n","protected":false},"excerpt":{"rendered":"<p>Die Volksschule Haugsdorf ist bem\u00fcht, ihre Website im Einklang mit dem Web-Zug\u00e4nglichkeits-Gesetz (WZG) idgF\u00a0zur Umsetzung der\u00a0Richtlinie (EU) 2016\/2102 des Europ\u00e4ischen Parlaments und des Rates vom 26. Oktober 2016 \u00fcber den barrierefreien Zugang zu den Websites und mobilen Anwendungen \u00f6ffentlicher Stellen\u00a0(Amtsblatt L 327 vom 2.12.2016, S. 1) barrierefrei zug\u00e4nglich zu machen.<\/p>\n","protected":false},"author":2,"featured_media":0,"parent":0,"menu_order":0,"comment_status":"closed","ping_status":"closed","template":"","meta":{"footnotes":""},"class_list":["post-1613","page","type-page","status-publish","hentry"],"_links":{"self":[{"href":"https:\/\/vshaugsdorf.ac.at\/index.php?rest_route=\/wp\/v2\/pages\/1613","targetHints":{"allow":["GET"]}}],"collection":[{"href":"https:\/\/vshaugsdorf.ac.at\/index.php?rest_route=\/wp\/v2\/pages"}],"about":[{"href":"https:\/\/vshaugsdorf.ac.at\/index.php?rest_route=\/wp\/v2\/types\/page"}],"author":[{"embeddable":true,"href":"https:\/\/vshaugsdorf.ac.at\/index.php?rest_route=\/wp\/v2\/users\/2"}],"replies":[{"embeddable":true,"href":"https:\/\/vshaugsdorf.ac.at\/index.php?rest_route=%2Fwp%2Fv2%2Fcomments&post=1613"}],"version-history":[{"count":1,"href":"https:\/\/vshaugsdorf.ac.at\/index.php?rest_route=\/wp\/v2\/pages\/1613\/revisions"}],"predecessor-version":[{"id":1614,"href":"https:\/\/vshaugsdorf.ac.at\/index.php?rest_route=\/wp\/v2\/pages\/1613\/revisions\/1614"}],"wp:attachment":[{"href":"https:\/\/vshaugsdorf.ac.at\/index.php?rest_route=%2Fwp%2Fv2%2Fmedia&parent=1613"}],"curies":[{"name":"wp","href":"https:\/\/api.w.org\/{rel}","templated":true}]}}